{"id":12,"date":"2013-10-24T18:08:52","date_gmt":"2013-10-24T18:08:52","guid":{"rendered":"http:\/\/www.ladycoton.cz\/?page_id=12"},"modified":"2016-05-11T19:25:03","modified_gmt":"2016-05-11T19:25:03","slug":"cheri","status":"publish","type":"page","link":"https:\/\/www.ladycoton.cz\/?page_id=12","title":{"rendered":"Ch\u00e9ri"},"content":{"rendered":"<p style=\"text-align: center;\" align=\"center\"><b> <span style=\"color: #0000ff; font-family: Comic Sans MS; font-size: x-large;\">ICH., CH.<\/span><span style=\"color: #0000ff; font-family: Comic Sans MS; font-size: xx-large;\"> Ch\u00e9ri Klenot Toliary<\/span><\/b><\/p>\n<p style=\"text-align: center;\" align=\"center\"><span style=\"color: blue; font-family: Comic Sans MS;\"><span style=\"font-size: medium;\">Otec:<b> Ultra of Woodland Cottage\u00a0\u00a0 <\/b>Matka:<b> Carolans Klenot Toliary<\/b><\/span><b><span style=\"font-size: large;\">\u00a0<\/span><\/b><\/span><\/p>\n<p style=\"text-align: center;\" align=\"center\"><span style=\"color: #0000ff; font-family: Comic Sans MS;\">10. 10. 1999<\/span><\/p>\n<p><span style=\"font-size: 10pt;\">Ch\u00e9rinka byla na\u0161\u00edm nejkr\u00e1sn\u011bj\u0161\u00edm v\u00e1no\u010dn\u00edm d\u00e1rkem v roce 1999.\u00a0 Zvykla si u n\u00e1s velmi rychle, velice brzy pochopila co sm\u00ed a co ne, i kdy\u017e ne v\u017edy se t\u00edm \u0159\u00edd\u00ed. R\u00e1zem si v\u0161echny ocho\u010dila a\u00a0 stala se jedn\u00edm z nejd\u016fle\u017eit\u011bj\u0161\u00edch\u00a0 \u010dlen\u016f na\u0161\u00ed rodiny.\u00a0\u00a0\u00a0<\/span><\/p>\n<p><span style=\"font-size: 10pt;\"><a href=\"http:\/\/www.ladycoton.cz\/wp-content\/uploads\/2013\/10\/Ch\u00e9ri-r1-poh.jpg\"><img loading=\"lazy\" decoding=\"async\" class=\"  wp-image-101 alignright\" src=\"http:\/\/www.ladycoton.cz\/wp-content\/uploads\/2013\/10\/Ch\u00e9ri-r1-poh-208x300.jpg\" alt=\"Ch\u00e9ri r1 poh\" width=\"178\" height=\"257\" srcset=\"https:\/\/www.ladycoton.cz\/wp-content\/uploads\/2013\/10\/Ch\u00e9ri-r1-poh-208x300.jpg 208w, https:\/\/www.ladycoton.cz\/wp-content\/uploads\/2013\/10\/Ch\u00e9ri-r1-poh.jpg 255w\" sizes=\"auto, (max-width: 178px) 100vw, 178px\" \/><\/a><br \/>\n<\/span><\/p>\n<p style=\"text-align: justify;\"><span style=\"font-size: 10pt;\">I kdy\u017e vypad\u00e1 jako ply\u0161ov\u00e1 hra\u010dka, je velice temperamentn\u00ed, v\u017edy p\u0159ipraven\u00e1 k\u00a0lumpa\u010den\u00ed.<span style=\"mso-spacerun: yes;\">\u00a0 <\/span>Je p\u0159\u00e1telsk\u00e1 k\u00a0lidem,<span style=\"mso-spacerun: yes;\">\u00a0 <\/span>i ps\u016fm, nevyvol\u00e1v\u00e1 konflikty.<span style=\"mso-spacerun: yes;\">\u00a0 <\/span>Sv\u00e9 teritorium si v\u0161ak hl\u00edd\u00e1 a \u0161t\u011bkotem hl\u00e1s\u00ed, \u017ee se bl\u00ed\u017e\u00ed n\u011bkdo ciz\u00ed. Venku se hon\u00ed s\u00a0ps\u00edmi kamar\u00e1dy, aportuje klacky, v\u0161echno<span style=\"mso-spacerun: yes;\">\u00a0 <\/span>mus\u00ed prozkoumat. Ne v\u017edy se pak dom\u016f vrac\u00ed \u010dist\u011b b\u00edl\u00e1&#8230; Ale sta\u010d\u00ed vz\u00edt kart\u00e1\u010d a je zase kr\u00e1sn\u00e1. <\/span><\/p>\n<p style=\"text-align: justify;\"><span style=\"font-size: 10pt;\">R\u00e1da jezd\u00ed autem, cestuje ve sv\u00e9 p\u0159epravce, kam si sama r\u00e1da vleze, abychom ji n\u00e1hodou nenechali doma.\u00a0 Jednak je to pro ni bezpe\u010dn\u011bj\u0161\u00ed, ale tak\u00e9 m\u00e1 p\u0159i j\u00edzd\u011b klid a v\u011bt\u0161inu cesty prosp\u00ed.<span style=\"mso-spacerun: yes;\">\u00a0 <\/span>Zvl\u00e1d\u00e1 dob\u0159e i dlouh\u00e9 trasy, kdy\u017e nap\u0159\u00edklad jedeme n\u011bkam na v\u00fdstavu.<\/span><\/p>\n<p style=\"text-align: justify;\"><span style=\"font-size: 10pt;\">Zaj\u00edm\u00e1 se o v\u0161echno, co se kolem n\u00ed d\u011bje. Doma si nikdy nenech\u00e1 uj\u00edt va\u0159en\u00ed, nejrad\u011bji m\u00e1 pochopiteln\u011b maso a zvl\u00e1\u0161t\u011b ryby, ale nepohrdne ani z\u00e1kusky nebo zeleninou. M\u00e1me doma je\u0161t\u011b<span style=\"mso-spacerun: yes;\">\u00a0 <\/span>mor\u010de, tak\u017ee s\u00a0n\u00edm j\u00ed<span style=\"mso-spacerun: yes;\">\u00a0 <\/span>syrov\u00e9 zel\u00ed, mrkev nebo jablko, v\u00a0l\u00e9t\u011b miluje maliny, jahody. Je to mlsoun, a i kdy\u017e m\u00e1 svoje granule, v\u00a0\u010dase j\u00eddla je v\u017edy p\u0159ipraven\u00e1 u stolu a \u010dek\u00e1, co kdyby&#8230;\u00a0 Nen\u00ed to zrovna v\u00fdchovn\u00e9, ale kdo by odolal jej\u00edmu pohledu a nedal j\u00ed n\u011bco od stolu.<\/span><\/p>\n<p style=\"text-align: justify;\"><span style=\"font-size: 10pt;\">V \u0159\u00edjnu 2001se stala Ch\u00e9ry poprv\u00e9 m\u00e1mou. M\u00e1 kr\u00e1sn\u00e9 \u0161t\u011b\u0148\u00e1tko, kter\u00e9 jsme si v\u0161ichni zamilovali\u00a0 a nedok\u00e1zali jsme se s n\u00edm rozlou\u010dit. Tak\u017ee te\u010f m\u00e1me doma ps\u00ed sle\u010dny dv\u011b. <a href=\"http:\/\/www.ladycoton.cz\/wp-content\/uploads\/2013\/10\/Ch\u00e9ri-s-\u00c1jou-2.jpg\"><img loading=\"lazy\" decoding=\"async\" class=\"  wp-image-99 alignright\" src=\"http:\/\/www.ladycoton.cz\/wp-content\/uploads\/2013\/10\/Ch\u00e9ri-s-\u00c1jou-2-300x300.jpg\" alt=\"Ch\u00e9ri s \u00c1jou 2\" width=\"181\" height=\"181\" srcset=\"https:\/\/www.ladycoton.cz\/wp-content\/uploads\/2013\/10\/Ch\u00e9ri-s-\u00c1jou-2-300x300.jpg 300w, https:\/\/www.ladycoton.cz\/wp-content\/uploads\/2013\/10\/Ch\u00e9ri-s-\u00c1jou-2-150x150.jpg 150w, https:\/\/www.ladycoton.cz\/wp-content\/uploads\/2013\/10\/Ch\u00e9ri-s-\u00c1jou-2-225x225.jpg 225w, https:\/\/www.ladycoton.cz\/wp-content\/uploads\/2013\/10\/Ch\u00e9ri-s-\u00c1jou-2-75x75.jpg 75w, https:\/\/www.ladycoton.cz\/wp-content\/uploads\/2013\/10\/Ch\u00e9ri-s-\u00c1jou-2.jpg 483w\" sizes=\"auto, (max-width: 181px) 100vw, 181px\" \/><\/a><\/span><a href=\"http:\/\/www.ladycoton.cz\/wp-content\/uploads\/2013\/10\/t__ata-3.jpg\"><img loading=\"lazy\" decoding=\"async\" class=\"  wp-image-56 alignleft\" src=\"http:\/\/www.ladycoton.cz\/wp-content\/uploads\/2013\/10\/t__ata-3-300x240.jpg\" alt=\"_t__ata 3\" width=\"229\" height=\"183\" srcset=\"https:\/\/www.ladycoton.cz\/wp-content\/uploads\/2013\/10\/t__ata-3-300x240.jpg 300w, https:\/\/www.ladycoton.cz\/wp-content\/uploads\/2013\/10\/t__ata-3.jpg 649w\" sizes=\"auto, (max-width: 229px) 100vw, 229px\" \/><\/a><\/p>\n<p style=\"text-align: justify;\"><span style=\"font-size: 10pt;\">Ch\u00e9rinka nalezla spole\u010dn\u00edka ke sv\u00fdm hr\u00e1m a ro\u0161\u0165\u00e1rn\u00e1m. Mal\u00e1\u00a0 \u00c1ja je v tomto sm\u011bru ve<\/span><span style=\"font-size: 10pt;\">lmi<\/span><span style=\"font-size: 10pt;\"> u\u010denliv\u00e1, na co nep\u0159ijde sama, to j\u00ed m\u00e1ma ochotn\u011b uk\u00e1\u017ee.\u00a0 U\u017eijeme si s nimi hodn\u011b legrace a jsme moc r\u00e1di, \u017ee je m\u00e1me. Je b\u00e1je\u010dn\u00e9 je ob\u011b pozorovat, jak spolu dov\u00e1d\u00ed.<\/span><\/p>\n<p align=\"center\"><span style=\"font-size: 10pt;\">\u00a0<\/span><\/p>\n<p style=\"text-align: justify;\"><span style=\"font-size: 10pt;\">Ch\u00e9rinka se ji\u017e n\u011bkolikr\u00e1t stala matkou kr\u00e1sn\u00fdch \u0161t\u011b\u0148\u00e1tek a d\u00edky \u00c1je i babi\u010dkou.<br \/>\n<\/span><\/p>\n<p style=\"text-align: justify;\"><span style=\"font-size: small;\">\u00a0Bohu\u017eel n\u00e1s Ch\u00e9rinka v \u010dervenci 2011 opustila.<br \/>\n<\/span><\/p>\n<table border=\"1\" width=\"100%\">\n<caption><span style=\"text-decoration: underline;\"><b><span style=\"color: #0000ff;\">Rodokmen<\/span><\/b><\/span><\/caption>\n<\/table>\n<p>&nbsp;<\/p>\n<p><img loading=\"lazy\" decoding=\"async\" src=\"http:\/\/ladycoton.webpark.cz\/rodcheri_soubory\/ladycoton_soubory\/rodcheri_soubory\/dot.idot.gif\" alt=\"\" width=\"1\" height=\"1\" align=\"right\" \/><\/p>\n<p>&nbsp;<\/p>\n<p>&nbsp;<\/p>\n<table width=\"735\">\n<tbody>\n<tr>\n<td width=\"64\"><\/td>\n<td width=\"220\">CH\u00c9RI Klenot Toliary<\/td>\n<td width=\"204\"><\/td>\n<td width=\"247\"><\/td>\n<\/tr>\n<tr>\n<td><\/td>\n<td><\/td>\n<td><\/td>\n<td><\/td>\n<\/tr>\n<tr>\n<td rowspan=\"8\">OTEC SIRE<\/td>\n<td>Ultra of Woodland Cottage<\/td>\n<td>Italique<\/td>\n<td>Dusty du Cottage du Blanc Sceau<\/td>\n<\/tr>\n<tr>\n<td><\/td>\n<td><\/td>\n<td><\/td>\n<\/tr>\n<tr>\n<td>PL 0\/0,PRA neg., EKG neg.<\/td>\n<td><\/td>\n<td>Grenadine<\/td>\n<\/tr>\n<tr>\n<td><\/td>\n<td><\/td>\n<td><\/td>\n<\/tr>\n<tr>\n<td><\/td>\n<td>Quesera of Woodland Cottage<\/td>\n<td>Feel Me See Me du Domaine de<\/td>\n<\/tr>\n<tr>\n<td><\/td>\n<td><\/td>\n<td>Luniray<\/td>\n<\/tr>\n<tr>\n<td><\/td>\n<td><\/td>\n<td>Fuchsia de Champlet<\/td>\n<\/tr>\n<tr>\n<td><\/td>\n<td><\/td>\n<td><\/td>\n<\/tr>\n<tr>\n<td rowspan=\"8\">MATKA DAM<\/td>\n<td>Carolans Klenot Toliary<\/td>\n<td>Kin-Sei Rutley<\/td>\n<td>Kin-Sei Husheem<\/td>\n<\/tr>\n<tr>\n<td><\/td>\n<td><\/td>\n<td><\/td>\n<\/tr>\n<tr>\n<td><\/td>\n<td><\/td>\n<td>Kin-Sei Barbra Bara Bra<\/td>\n<\/tr>\n<tr>\n<td><\/td>\n<td><\/td>\n<td><\/td>\n<\/tr>\n<tr>\n<td><\/td>\n<td>Gorongoza Modr\u00e1 p\u00edsni\u010dka<\/td>\n<td>Queens of Woodland Cottage<\/td>\n<\/tr>\n<tr>\n<td><\/td>\n<td><\/td>\n<td><\/td>\n<\/tr>\n<tr>\n<td><\/td>\n<td><\/td>\n<td>Pandora of Woodland Cottage<\/td>\n<\/tr>\n<tr>\n<td><\/td>\n<td><\/td>\n<td><\/td>\n<\/tr>\n<tr>\n<td>Vy\u0161et\u0159en\u00ed\/exam.: PL 0\/0, PRA neg.<\/td>\n<td><\/td>\n<td><\/td>\n<td><\/td>\n<\/tr>\n<tr>\n<td><\/td>\n<td><\/td>\n<td><\/td>\n<td><\/td>\n<\/tr>\n<tr>\n<td>Chovatel\/Breeder: Martin \u0160im\u016fnek<\/td>\n<td><\/td>\n<td><\/td>\n<td><\/td>\n<\/tr>\n<tr>\n<td><\/td>\n<td><\/td>\n<td><\/td>\n<td><\/td>\n<\/tr>\n<tr>\n<td colspan=\"4\" rowspan=\"2\" width=\"735\">Tituly\/Titles: ICH, \u010cesk\u00fd \u0161ampion, Klubov\u00fd \u0161ampion, Slovensk\u00fd \u0161ampion mlad\u00fdch<\/td>\n<\/tr>\n<\/tbody>\n<\/table>\n<p><b><span style=\"text-decoration: underline;\">Veterin\u00e1rn\u00ed vy\u0161et\u0159en\u00ed:<\/span><\/b><\/p>\n<p><b>PRA negativn\u00ed, Luxace patelly negativn\u00ed<\/b><\/p>\n","protected":false},"excerpt":{"rendered":"<p>ICH., CH. Ch\u00e9ri Klenot Toliary Otec: Ultra of Woodland Cottage\u00a0\u00a0 Matka: Carolans Klenot Toliary\u00a0 10. 10. 1999 Ch\u00e9rinka byla na\u0161\u00edm nejkr\u00e1sn\u011bj\u0161\u00edm v\u00e1no\u010dn\u00edm d\u00e1rkem v roce 1999.\u00a0 Zvykla si u n\u00e1s velmi rychle, velice brzy pochopila co sm\u00ed a co ne, i kdy\u017e ne v\u017edy se t\u00edm \u0159\u00edd\u00ed. R\u00e1zem si v\u0161echny<\/p>\n","protected":false},"author":1,"featured_media":0,"parent":0,"menu_order":0,"comment_status":"closed","ping_status":"closed","template":"","meta":{"footnotes":""},"class_list":["post-12","page","type-page","status-publish","hentry"],"_links":{"self":[{"href":"https:\/\/www.ladycoton.cz\/index.php?rest_route=\/wp\/v2\/pages\/12","targetHints":{"allow":["GET"]}}],"collection":[{"href":"https:\/\/www.ladycoton.cz\/index.php?rest_route=\/wp\/v2\/pages"}],"about":[{"href":"https:\/\/www.ladycoton.cz\/index.php?rest_route=\/wp\/v2\/types\/page"}],"author":[{"embeddable":true,"href":"https:\/\/www.ladycoton.cz\/index.php?rest_route=\/wp\/v2\/users\/1"}],"replies":[{"embeddable":true,"href":"https:\/\/www.ladycoton.cz\/index.php?rest_route=%2Fwp%2Fv2%2Fcomments&post=12"}],"version-history":[{"count":6,"href":"https:\/\/www.ladycoton.cz\/index.php?rest_route=\/wp\/v2\/pages\/12\/revisions"}],"predecessor-version":[{"id":137,"href":"https:\/\/www.ladycoton.cz\/index.php?rest_route=\/wp\/v2\/pages\/12\/revisions\/137"}],"wp:attachment":[{"href":"https:\/\/www.ladycoton.cz\/index.php?rest_route=%2Fwp%2Fv2%2Fmedia&parent=12"}],"curies":[{"name":"wp","href":"https:\/\/api.w.org\/{rel}","templated":true}]}}